{"id":246,"date":"2021-02-22T14:58:33","date_gmt":"2021-02-22T14:58:33","guid":{"rendered":"https:\/\/www.fac.lt\/musu-komanda"},"modified":"2021-03-03T09:45:24","modified_gmt":"2021-03-03T09:45:24","slug":"our-team","status":"publish","type":"page","link":"https:\/\/www.fac.lt\/en\/our-team\/","title":{"rendered":"OUR TEAM"},"content":{"rendered":"<p>[et_pb_section fb_built=&#8221;1&#8243; fullwidth=&#8221;on&#8221; _builder_version=&#8221;4.9.0&#8243; _module_preset=&#8221;default&#8221;][et_pb_fullwidth_header title=&#8221;OUR TEAM&#8221; subhead=&#8221;UAB \u201cFinans\u0173 apskaitos centras\u201d&#8221; _builder_version=&#8221;4.9.0&#8243; _module_preset=&#8221;default&#8221; background_image=&#8221;https:\/\/www.fac.lt\/wp-content\/uploads\/2021\/02\/titulinio-bg.jpg&#8221; background_layout=&#8221;light&#8221;][\/et_pb_fullwidth_header][\/et_pb_section][et_pb_section fb_built=&#8221;1&#8243; _builder_version=&#8221;4.9.0&#8243; _module_preset=&#8221;default&#8221;][et_pb_row column_structure=&#8221;1_5,1_5,1_5,1_5,1_5&#8243; _builder_version=&#8221;4.9.0&#8243; _module_preset=&#8221;default&#8221;][et_pb_column type=&#8221;1_5&#8243; _builder_version=&#8221;4.9.0&#8243; _module_preset=&#8221;default&#8221;][et_pb_team_member name=&#8221;Olga \u017dukien\u0117 &#8221; position=&#8221;Director&#8221; image_url=&#8221;https:\/\/www.fac.lt\/wp-content\/uploads\/2021\/02\/olga-360&#215;360-1.jpg&#8221; _builder_version=&#8221;4.9.0&#8243; _module_preset=&#8221;default&#8221;]<\/p>\n<p>Phone: +370 68520123<\/p>\n<p>[\/et_pb_team_member][\/et_pb_column][et_pb_column type=&#8221;1_5&#8243; _builder_version=&#8221;4.9.0&#8243; _module_preset=&#8221;default&#8221;][et_pb_team_member name=&#8221;Julija Tuma\u0161evi\u010d-Rogovska &#8221; position=&#8221;Administrator-accountant&#8221; image_url=&#8221;https:\/\/www.fac.lt\/wp-content\/uploads\/2021\/02\/julija-360&#215;360-1.jpg&#8221; _builder_version=&#8221;4.9.0&#8243; _module_preset=&#8221;default&#8221;]<\/p>\n<p>Phone: +370 60804132<\/p>\n<p>[\/et_pb_team_member][\/et_pb_column][et_pb_column type=&#8221;1_5&#8243; _builder_version=&#8221;4.9.0&#8243; _module_preset=&#8221;default&#8221;][et_pb_team_member name=&#8221;\u017dydr\u016bn\u0117 Glazauskien\u0117 &#8221; position=&#8221;Accountant&#8221; image_url=&#8221;https:\/\/www.fac.lt\/wp-content\/uploads\/2021\/02\/zydrune-360&#215;360-1.jpg&#8221; _builder_version=&#8221;4.9.0&#8243; _module_preset=&#8221;default&#8221;]<\/p>\n<p>Phone: +370 69977519<\/p>\n<p>[\/et_pb_team_member][\/et_pb_column][et_pb_column type=&#8221;1_5&#8243; _builder_version=&#8221;4.9.0&#8243; _module_preset=&#8221;default&#8221;][et_pb_team_member name=&#8221;\u017divil\u0117 Ba\u010diulien\u0117 &#8221; position=&#8221;Accountant&#8221; image_url=&#8221;https:\/\/www.fac.lt\/wp-content\/uploads\/2021\/02\/zivile-360&#215;360-1.jpg&#8221; _builder_version=&#8221;4.9.0&#8243; _module_preset=&#8221;default&#8221; hover_enabled=&#8221;0&#8243; sticky_enabled=&#8221;0&#8243;]<\/p>\n<p>Phone: +370 64716243<\/p>\n<p>[\/et_pb_team_member][\/et_pb_column][et_pb_column type=&#8221;1_5&#8243; _builder_version=&#8221;4.9.0&#8243; _module_preset=&#8221;default&#8221;][et_pb_team_member name=&#8221;Vaida Mockevi\u010dien\u0117&#8221; position=&#8221;Accountant&#8221; image_url=&#8221;https:\/\/www.fac.lt\/wp-content\/uploads\/2021\/02\/vaida.png&#8221; _builder_version=&#8221;4.9.0&#8243; _module_preset=&#8221;default&#8221;]<\/p>\n<p>Phone: +370 68576732<\/p>\n<p>[\/et_pb_team_member][\/et_pb_column][\/et_pb_row][\/et_pb_section]<\/p>\n","protected":false},"excerpt":{"rendered":"<p>Phone: +370 68520123Phone: +370 60804132Phone: +370 69977519Phone: +370 64716243Phone: +370 68576732<\/p>\n","protected":false},"author":1,"featured_media":0,"parent":0,"menu_order":0,"comment_status":"closed","ping_status":"closed","template":"","meta":{"_et_pb_use_builder":"on","_et_pb_old_content":"","_et_gb_content_width":"","footnotes":""},"class_list":["post-246","page","type-page","status-publish","hentry"],"aioseo_notices":[],"_links":{"self":[{"href":"https:\/\/www.fac.lt\/en\/wp-json\/wp\/v2\/pages\/246","targetHints":{"allow":["GET"]}}],"collection":[{"href":"https:\/\/www.fac.lt\/en\/wp-json\/wp\/v2\/pages"}],"about":[{"href":"https:\/\/www.fac.lt\/en\/wp-json\/wp\/v2\/types\/page"}],"author":[{"embeddable":true,"href":"https:\/\/www.fac.lt\/en\/wp-json\/wp\/v2\/users\/1"}],"replies":[{"embeddable":true,"href":"https:\/\/www.fac.lt\/en\/wp-json\/wp\/v2\/comments?post=246"}],"version-history":[{"count":6,"href":"https:\/\/www.fac.lt\/en\/wp-json\/wp\/v2\/pages\/246\/revisions"}],"predecessor-version":[{"id":343,"href":"https:\/\/www.fac.lt\/en\/wp-json\/wp\/v2\/pages\/246\/revisions\/343"}],"wp:attachment":[{"href":"https:\/\/www.fac.lt\/en\/wp-json\/wp\/v2\/media?parent=246"}],"curies":[{"name":"wp","href":"https:\/\/api.w.org\/{rel}","templated":true}]}}